{"id":479,"date":"2024-05-20T22:44:10","date_gmt":"2024-05-20T20:44:10","guid":{"rendered":"https:\/\/zemplen723.local\/about-the-bridge\/"},"modified":"2024-12-06T18:05:20","modified_gmt":"2024-12-06T17:05:20","slug":"about-the-bridge","status":"publish","type":"page","link":"https:\/\/zemplen723.eu\/en\/about-the-bridge\/","title":{"rendered":"About the bridge"},"content":{"rendered":"\n<h2 class=\"wp-block-heading h3\">Moving bridge, moving name, <br\/>exciting events<\/h2>\n\n<div class=\"responsive-spacer\">\n\t<div class=\"rs-size-32 rs-size-md-32\"><\/div>\n<\/div>\n\n<h3 class=\"wp-block-heading\">Zempl\u00e9n 723 in numbers:<\/h3>\n\n<div class=\"responsive-spacer\">\n\t<div class=\"rs-size-8 rs-size-md-8\"><\/div>\n<\/div>\n<div class=\"detail-box\">\n        <div class=\"row\">\n            <div class=\"col-md-6\">\n            <div class=\"detail-box-item\">\n                <h4 class=\"detail-box-item-title\">Wingspan of the suspension bridge<\/h4>\n                <p class=\"detail-box-item-content\">\n                    <span class=\"detail-box-item-content-number\">723<\/span>\n                    <span class=\"detail-box-item-content-unit\">metres<\/span>\n                <\/p>\n            <\/div>\n        <\/div>\n            <div class=\"col-md-6\">\n            <div class=\"detail-box-item\">\n                <h4 class=\"detail-box-item-title\">Elevation of the steepest bridge section<\/h4>\n                <p class=\"detail-box-item-content\">\n                    <span class=\"detail-box-item-content-number\">15<\/span>\n                    <span class=\"detail-box-item-content-unit\">%<\/span>\n                <\/p>\n            <\/div>\n        <\/div>\n            <div class=\"col-md-6\">\n            <div class=\"detail-box-item\">\n                <h4 class=\"detail-box-item-title\">Total weight of the steel structure<\/h4>\n                <p class=\"detail-box-item-content\">\n                    <span class=\"detail-box-item-content-number\">496,55<\/span>\n                    <span class=\"detail-box-item-content-unit\">tons<\/span>\n                <\/p>\n            <\/div>\n        <\/div>\n            <div class=\"col-md-6\">\n            <div class=\"detail-box-item\">\n                <h4 class=\"detail-box-item-title\">Number of ground anchors<\/h4>\n                <p class=\"detail-box-item-content\">\n                    <span class=\"detail-box-item-content-number\">58<\/span>\n                    <span class=\"detail-box-item-content-unit\">pieces<\/span>\n                <\/p>\n            <\/div>\n        <\/div>\n            <div class=\"col-md-6\">\n            <div class=\"detail-box-item\">\n                <h4 class=\"detail-box-item-title\">Number of used bolts<\/h4>\n                <p class=\"detail-box-item-content\">\n                    <span class=\"detail-box-item-content-number\">12 000<\/span>\n                    <span class=\"detail-box-item-content-unit\">pieces<\/span>\n                <\/p>\n            <\/div>\n        <\/div>\n            <div class=\"col-md-6\">\n            <div class=\"detail-box-item\">\n                <h4 class=\"detail-box-item-title\">Walkway width<\/h4>\n                <p class=\"detail-box-item-content\">\n                    <span class=\"detail-box-item-content-number\">1,2<\/span>\n                    <span class=\"detail-box-item-content-unit\">metres<\/span>\n                <\/p>\n            <\/div>\n        <\/div>\n            <div class=\"col-md-6\">\n            <div class=\"detail-box-item\">\n                <h4 class=\"detail-box-item-title\">Total length of cables<\/h4>\n                <p class=\"detail-box-item-content\">\n                    <span class=\"detail-box-item-content-number\">24 162,4<\/span>\n                    <span class=\"detail-box-item-content-unit\">metres<\/span>\n                <\/p>\n            <\/div>\n        <\/div>\n            <div class=\"col-md-6\">\n            <div class=\"detail-box-item\">\n                <h4 class=\"detail-box-item-title\">Towing force on the bridge structure<\/h4>\n                <p class=\"detail-box-item-content\">\n                    <span class=\"detail-box-item-content-number\">13 200<\/span>\n                    <span class=\"detail-box-item-content-unit\">kilonewton<\/span>\n                <\/p>\n            <\/div>\n        <\/div>\n            <div class=\"col-md-6\">\n            <div class=\"detail-box-item\">\n                <h4 class=\"detail-box-item-title\">Cable sag<\/h4>\n                <p class=\"detail-box-item-content\">\n                    <span class=\"detail-box-item-content-number\">27<\/span>\n                    <span class=\"detail-box-item-content-unit\">metres<\/span>\n                <\/p>\n            <\/div>\n        <\/div>\n            <div class=\"col-md-6\">\n            <div class=\"detail-box-item\">\n                <h4 class=\"detail-box-item-title\">Bridge height above the M\u00e1jus-creek<\/h4>\n                <p class=\"detail-box-item-content\">\n                    <span class=\"detail-box-item-content-number\">82<\/span>\n                    <span class=\"detail-box-item-content-unit\">metres<\/span>\n                <\/p>\n            <\/div>\n        <\/div>\n        <\/div>\n    <\/div>\n\n<div class=\"responsive-spacer\">\n\t<div class=\"rs-size-32 rs-size-md-32\"><\/div>\n<\/div>\n\n<h3 class=\"wp-block-heading\">Development milestones:<\/h3>\n\n<div class=\"responsive-spacer\">\n\t<div class=\"rs-size-8 rs-size-md-8\"><\/div>\n<\/div>\n<div class=\"detail-box\">\n        <div class=\"row\">\n            <div class=\"col-md-6\">\n            <div class=\"detail-box-item\">\n                <h4 class=\"detail-box-item-title\">The first feasibility study<\/h4>\n                <p class=\"detail-box-item-content\">\n                    <span class=\"detail-box-item-content-number\">2015.<\/span>\n                    <span class=\"detail-box-item-content-unit\">September<\/span>\n                <\/p>\n            <\/div>\n        <\/div>\n            <div class=\"col-md-6\">\n            <div class=\"detail-box-item\">\n                <h4 class=\"detail-box-item-title\">Structural construction ending<\/h4>\n                <p class=\"detail-box-item-content\">\n                    <span class=\"detail-box-item-content-number\">2024.<\/span>\n                    <span class=\"detail-box-item-content-unit\">January<\/span>\n                <\/p>\n            <\/div>\n        <\/div>\n            <div class=\"col-md-6\">\n            <div class=\"detail-box-item\">\n                <h4 class=\"detail-box-item-title\">Conclusion of the construction contract<\/h4>\n                <p class=\"detail-box-item-content\">\n                    <span class=\"detail-box-item-content-number\">2017.<\/span>\n                    <span class=\"detail-box-item-content-unit\">December 1<\/span>\n                <\/p>\n            <\/div>\n        <\/div>\n            <div class=\"col-md-6\">\n            <div class=\"detail-box-item\">\n                <h4 class=\"detail-box-item-title\">Deadline of bridge implementation<\/h4>\n                <p class=\"detail-box-item-content\">\n                    <span class=\"detail-box-item-content-number\">2024.<\/span>\n                    <span class=\"detail-box-item-content-unit\">April 30<\/span>\n                <\/p>\n            <\/div>\n        <\/div>\n            <div class=\"col-md-6\">\n            <div class=\"detail-box-item\">\n                <h4 class=\"detail-box-item-title\">Beginning of land clearing<\/h4>\n                <p class=\"detail-box-item-content\">\n                    <span class=\"detail-box-item-content-number\">2022.<\/span>\n                    <span class=\"detail-box-item-content-unit\">January<\/span>\n                <\/p>\n            <\/div>\n        <\/div>\n            <div class=\"col-md-6\">\n            <div class=\"detail-box-item\">\n                <h4 class=\"detail-box-item-title\">Bridge opening ceremony<\/h4>\n                <p class=\"detail-box-item-content\">\n                    <span class=\"detail-box-item-content-number\">2024.<\/span>\n                    <span class=\"detail-box-item-content-unit\">May 1<\/span>\n                <\/p>\n            <\/div>\n        <\/div>\n        <\/div>\n    <\/div>\n\n<div class=\"responsive-spacer\">\n\t<div class=\"rs-size-32 rs-size-md-32\"><\/div>\n<\/div>\n\n<h3 class=\"wp-block-heading\">Story<\/h3>\n\n<div class=\"responsive-spacer\">\n\t<div class=\"rs-size-8 rs-size-md-8\"><\/div>\n<\/div>\n\n<p>Since the opening of the Zempl\u00e9n Adventure Park in 2009, the otherwise rich pastime possibilities lacked a pedestrian suspension bridge. The park owners investigated if the valley section between the Sz\u00e1r-hill and the Castle Hill could be suitable for the construction of such a special, record-length bridge.<\/p>\n\n<p><br\/>The first feasibility study was prepared in September 2015; the construction contract was concluded two years later. The 4.5 billion HUF investment is part of the government-approved Tokaj-Zempl\u00e9n Development Program, which provides almost 150 billion HUF of funds for infrastructure, tourism services and municipal-level development until 2024. <\/p>\n\n<p>In January 2022, as the first step of the implementation, landscape clearing work began. Structure construction was mostly concluded by the beginning of 2024: the TREP-grids were placed on the support holders. The only remaining part is the highest section of the bridge, 82 metres above the M\u00e1jus-creek, where special glass parts will be installed.<\/p>\n\n<p>The Bridge of National Unity was inaugurated on June 4, 2024. The bridge was opened to the public on June 6, 2024.   <\/p>\n\n<div class=\"responsive-spacer\">\n\t<div class=\"rs-size-32 rs-size-md-32\"><\/div>\n<\/div>\n\n<figure class=\"wp-block-image size-large\"><img data-recalc-dims=\"1\" decoding=\"async\" width=\"1024\" height=\"693\" src=\"https:\/\/i0.wp.com\/zemplen723.eu\/wp-content\/uploads\/2024\/06\/Frame-83.jpg?resize=1024%2C693&#038;ssl=1\" alt=\"\" class=\"wp-image-241\" srcset=\"https:\/\/i0.wp.com\/zemplen723.eu\/wp-content\/uploads\/2024\/06\/Frame-83.jpg?resize=1024%2C693&amp;ssl=1 1024w, https:\/\/i0.wp.com\/zemplen723.eu\/wp-content\/uploads\/2024\/06\/Frame-83.jpg?resize=300%2C203&amp;ssl=1 300w, https:\/\/i0.wp.com\/zemplen723.eu\/wp-content\/uploads\/2024\/06\/Frame-83.jpg?resize=768%2C520&amp;ssl=1 768w, https:\/\/i0.wp.com\/zemplen723.eu\/wp-content\/uploads\/2024\/06\/Frame-83.jpg?w=1288&amp;ssl=1 1288w\" sizes=\"(max-width: 1024px) 100vw, 1024px\" \/><\/figure>\n\n<div class=\"responsive-spacer\">\n\t<div class=\"rs-size-32 rs-size-md-32\"><\/div>\n<\/div>\n\n<h3 class=\"wp-block-heading\">Name<\/h3>\n\n<div class=\"responsive-spacer\">\n\t<div class=\"rs-size-8 rs-size-md-8\"><\/div>\n<\/div>\n\n<p>A world record bridge calls for a unique double naming method. Zempl\u00e9n 723 is an easily understandable phrase for local and international visitors as well. The naming solution was similar in case of many other world-famous suspension bridges, as it specifies the location and the exact length of the bridge.  <\/p>\n\n<p>Next to the fixed name, a revolutionary new name giving practice is the changing name. This changing name or expression, set after the fixed name of the bridge, reflects on one of the special themes of the respective year.  <\/p>\n\n<p>The first changing name of the bridge is Bride of National Unity, for multiple reasons. The bridge, built at the border of three countries, signifies the symbolic unity of Hungarians living in the motherland and those who live beyond the borders.<\/p>\n\n<p>The naming choice is also a tribute to the historical and cultural heritage of the Hungarian people, highlighting the importance of national identity and belonging. <\/p>\n\n<p>According to plans, the changing name will be replaced in every year or every second year on the anniversary of the opening ceremony. On every May 1, the name of the respective year is announced, with great media coverage. <\/p>\n\n<div class=\"responsive-spacer\">\n\t<div class=\"rs-size-16 rs-size-md-16\"><\/div>\n<\/div>\n\n<h3 class=\"wp-block-heading\">Characteristics<\/h3>\n\n<div class=\"responsive-spacer\">\n\t<div class=\"rs-size-8 rs-size-md-8\"><\/div>\n<\/div>\n\n<p>The walkway of the bridge planned for the Zempl\u00e9n Adventure Park is 1.2 metres wide. This width, bigger than the average, makes the bridge accessible from both directions: from the Sz\u00e1r-hill and the Castle Hill as well. This is a huge achievement, as most suspension bridges can only be accessed from one single direction. <\/p>\n\n<p>The tensioned cables are the main load-bearing parts in the rope bridge structure. Bridgeheads on the two hills were designed to be installed on the same altitude. Cable sag is 27 metres, which forms an arc similar to a second-degree parabola. The longitudinal profile of the bridge, or the fall factor, varies due to the parabolic shape. The steepest sections, up to a gradient of 15%, are found at the bridge ends, while the middle section, several hundred metres long, is almost completely horizontal.<\/p>\n\n<p>A total of 24162.4 metres of cable were used in the project, ensuring the structural stability and load capacity of the bridge. <\/p>\n\n<p>The bridge was built using 12000 bolts. 58 ground anchors, drilled into a depth of 21 metres, form the base of the bridge. The total weight of the steel structure, including the base foundations and the reinforced concrete bridgeheads, is 496.55 tons, guaranteeing the robustness and durability. An excellent illustration of the exceptional mechanical capacity of the bridge is the magnitude of the tensile force on the bridge structure, which is 13200 kN (kilonewtons).  <\/p>\n\n<div class=\"responsive-spacer\">\n\t<div class=\"rs-size-16 rs-size-md-16\"><\/div>\n<\/div>\n\n<h3 class=\"wp-block-heading\">Environment<\/h3>\n\n<div class=\"responsive-spacer\">\n\t<div class=\"rs-size-8 rs-size-md-8\"><\/div>\n<\/div>\n\n<p>At one of the bridge ends, on the Sz\u00e1r-hill, a unique monument of S\u00e1toralja\u00fajhely was built, which is unmatched in the Carpathian Basin: the Hungarian Calvary monument along the road leading to the town, as well as overlooking it. From the rocks behind St. Stephen\u2019s chapel, there is a wounderful outlook to the S\u00e1toros-mountains, nearby vineyards and the romantic forests of the Zempl\u00e9n. <\/p>\n\n<p>The other end of the bridge starts from the Castle Hill, which is the home to the ruins of the castle of S\u00e1toralja\u00fajhely. The Castle Visitor Centre, opened in 2020, offers tourists a state-of-the-art base at the hill foot, where they can explore connections between past and present through the latest technology and historical reconstructions, receiving a unique historical experience. <\/p>\n","protected":false},"excerpt":{"rendered":"<p>Moving bridge, moving name, exciting events Zempl\u00e9n 723 in numbers: Development milestones: Story Since the opening of the Zempl\u00e9n Adventure<\/p>\n","protected":false},"author":1,"featured_media":0,"parent":0,"menu_order":0,"comment_status":"closed","ping_status":"closed","template":"","meta":{"_acf_changed":false,"inline_featured_image":false,"footnotes":""},"class_list":["post-479","page","type-page","status-publish","hentry"],"acf":[],"yoast_head":"<!-- This site is optimized with the Yoast SEO plugin v24.0 - https:\/\/yoast.com\/wordpress\/plugins\/seo\/ -->\n<title>About the bridge - Zempl\u00e9n 723<\/title>\n<meta name=\"robots\" content=\"index, follow, max-snippet:-1, max-image-preview:large, max-video-preview:-1\" \/>\n<link rel=\"canonical\" href=\"https:\/\/zemplen723.eu\/en\/about-the-bridge\/\" \/>\n<meta property=\"og:locale\" content=\"en_US\" \/>\n<meta property=\"og:type\" content=\"article\" \/>\n<meta property=\"og:title\" content=\"About the bridge - Zempl\u00e9n 723\" \/>\n<meta property=\"og:description\" content=\"Moving bridge, moving name, exciting events Zempl\u00e9n 723 in numbers: Development milestones: Story Since the opening of the Zempl\u00e9n Adventure\" \/>\n<meta property=\"og:url\" content=\"https:\/\/zemplen723.eu\/en\/about-the-bridge\/\" \/>\n<meta property=\"og:site_name\" content=\"Zempl\u00e9n 723\" \/>\n<meta property=\"article:modified_time\" content=\"2024-12-06T17:05:20+00:00\" \/>\n<meta property=\"og:image\" content=\"https:\/\/zemplen723.eu\/wp-content\/uploads\/2024\/12\/zemplen_723_hidrol_og_image-1024x538.png\" \/>\n<meta name=\"twitter:card\" content=\"summary_large_image\" \/>\n<meta name=\"twitter:label1\" content=\"Est. reading time\" \/>\n\t<meta name=\"twitter:data1\" content=\"4 minutes\" \/>\n<script type=\"application\/ld+json\" class=\"yoast-schema-graph\">{\"@context\":\"https:\/\/schema.org\",\"@graph\":[{\"@type\":\"WebPage\",\"@id\":\"https:\/\/zemplen723.eu\/en\/about-the-bridge\/\",\"url\":\"https:\/\/zemplen723.eu\/en\/about-the-bridge\/\",\"name\":\"About the bridge - Zempl\u00e9n 723\",\"isPartOf\":{\"@id\":\"https:\/\/zemplen723.eu\/en\/#website\"},\"primaryImageOfPage\":{\"@id\":\"https:\/\/zemplen723.eu\/en\/about-the-bridge\/#primaryimage\"},\"image\":{\"@id\":\"https:\/\/zemplen723.eu\/en\/about-the-bridge\/#primaryimage\"},\"thumbnailUrl\":\"https:\/\/zemplen723.eu\/wp-content\/uploads\/2024\/06\/Frame-83-1024x693.jpg\",\"datePublished\":\"2024-05-20T20:44:10+00:00\",\"dateModified\":\"2024-12-06T17:05:20+00:00\",\"breadcrumb\":{\"@id\":\"https:\/\/zemplen723.eu\/en\/about-the-bridge\/#breadcrumb\"},\"inLanguage\":\"en-US\",\"potentialAction\":[{\"@type\":\"ReadAction\",\"target\":[\"https:\/\/zemplen723.eu\/en\/about-the-bridge\/\"]}]},{\"@type\":\"ImageObject\",\"inLanguage\":\"en-US\",\"@id\":\"https:\/\/zemplen723.eu\/en\/about-the-bridge\/#primaryimage\",\"url\":\"https:\/\/zemplen723.eu\/wp-content\/uploads\/2024\/06\/Frame-83-1024x693.jpg\",\"contentUrl\":\"https:\/\/zemplen723.eu\/wp-content\/uploads\/2024\/06\/Frame-83-1024x693.jpg\"},{\"@type\":\"BreadcrumbList\",\"@id\":\"https:\/\/zemplen723.eu\/en\/about-the-bridge\/#breadcrumb\",\"itemListElement\":[{\"@type\":\"ListItem\",\"position\":1,\"name\":\"Kezd\u0151lap\",\"item\":\"https:\/\/zemplen723.eu\/en\/\"},{\"@type\":\"ListItem\",\"position\":2,\"name\":\"About the bridge\"}]},{\"@type\":\"WebSite\",\"@id\":\"https:\/\/zemplen723.eu\/en\/#website\",\"url\":\"https:\/\/zemplen723.eu\/en\/\",\"name\":\"Zempl\u00e9n 723\",\"description\":\"A Nemzeti \u00d6sszetartoz\u00e1s H\u00eddja\",\"publisher\":{\"@id\":\"https:\/\/zemplen723.eu\/en\/#organization\"},\"potentialAction\":[{\"@type\":\"SearchAction\",\"target\":{\"@type\":\"EntryPoint\",\"urlTemplate\":\"https:\/\/zemplen723.eu\/en\/?s={search_term_string}\"},\"query-input\":{\"@type\":\"PropertyValueSpecification\",\"valueRequired\":true,\"valueName\":\"search_term_string\"}}],\"inLanguage\":\"en-US\"},{\"@type\":\"Organization\",\"@id\":\"https:\/\/zemplen723.eu\/en\/#organization\",\"name\":\"Zempl\u00e9n 723\",\"url\":\"https:\/\/zemplen723.eu\/en\/\",\"logo\":{\"@type\":\"ImageObject\",\"inLanguage\":\"en-US\",\"@id\":\"https:\/\/zemplen723.eu\/en\/#\/schema\/logo\/image\/\",\"url\":\"https:\/\/i0.wp.com\/zemplen723.eu\/wp-content\/uploads\/2024\/05\/favicon.jpg?fit=1024%2C1024&ssl=1\",\"contentUrl\":\"https:\/\/i0.wp.com\/zemplen723.eu\/wp-content\/uploads\/2024\/05\/favicon.jpg?fit=1024%2C1024&ssl=1\",\"width\":1024,\"height\":1024,\"caption\":\"Zempl\u00e9n 723\"},\"image\":{\"@id\":\"https:\/\/zemplen723.eu\/en\/#\/schema\/logo\/image\/\"}}]}<\/script>\n<!-- \/ Yoast SEO plugin. -->","yoast_head_json":{"title":"About the bridge - Zempl\u00e9n 723","robots":{"index":"index","follow":"follow","max-snippet":"max-snippet:-1","max-image-preview":"max-image-preview:large","max-video-preview":"max-video-preview:-1"},"canonical":"https:\/\/zemplen723.eu\/en\/about-the-bridge\/","og_locale":"en_US","og_type":"article","og_title":"About the bridge - Zempl\u00e9n 723","og_description":"Moving bridge, moving name, exciting events Zempl\u00e9n 723 in numbers: Development milestones: Story Since the opening of the Zempl\u00e9n Adventure","og_url":"https:\/\/zemplen723.eu\/en\/about-the-bridge\/","og_site_name":"Zempl\u00e9n 723","article_modified_time":"2024-12-06T17:05:20+00:00","og_image":[{"url":"https:\/\/zemplen723.eu\/wp-content\/uploads\/2024\/12\/zemplen_723_hidrol_og_image-1024x538.png","type":"","width":"","height":""}],"twitter_card":"summary_large_image","twitter_misc":{"Est. reading time":"4 minutes"},"schema":{"@context":"https:\/\/schema.org","@graph":[{"@type":"WebPage","@id":"https:\/\/zemplen723.eu\/en\/about-the-bridge\/","url":"https:\/\/zemplen723.eu\/en\/about-the-bridge\/","name":"About the bridge - Zempl\u00e9n 723","isPartOf":{"@id":"https:\/\/zemplen723.eu\/en\/#website"},"primaryImageOfPage":{"@id":"https:\/\/zemplen723.eu\/en\/about-the-bridge\/#primaryimage"},"image":{"@id":"https:\/\/zemplen723.eu\/en\/about-the-bridge\/#primaryimage"},"thumbnailUrl":"https:\/\/zemplen723.eu\/wp-content\/uploads\/2024\/06\/Frame-83-1024x693.jpg","datePublished":"2024-05-20T20:44:10+00:00","dateModified":"2024-12-06T17:05:20+00:00","breadcrumb":{"@id":"https:\/\/zemplen723.eu\/en\/about-the-bridge\/#breadcrumb"},"inLanguage":"en-US","potentialAction":[{"@type":"ReadAction","target":["https:\/\/zemplen723.eu\/en\/about-the-bridge\/"]}]},{"@type":"ImageObject","inLanguage":"en-US","@id":"https:\/\/zemplen723.eu\/en\/about-the-bridge\/#primaryimage","url":"https:\/\/zemplen723.eu\/wp-content\/uploads\/2024\/06\/Frame-83-1024x693.jpg","contentUrl":"https:\/\/zemplen723.eu\/wp-content\/uploads\/2024\/06\/Frame-83-1024x693.jpg"},{"@type":"BreadcrumbList","@id":"https:\/\/zemplen723.eu\/en\/about-the-bridge\/#breadcrumb","itemListElement":[{"@type":"ListItem","position":1,"name":"Kezd\u0151lap","item":"https:\/\/zemplen723.eu\/en\/"},{"@type":"ListItem","position":2,"name":"About the bridge"}]},{"@type":"WebSite","@id":"https:\/\/zemplen723.eu\/en\/#website","url":"https:\/\/zemplen723.eu\/en\/","name":"Zempl\u00e9n 723","description":"A Nemzeti \u00d6sszetartoz\u00e1s H\u00eddja","publisher":{"@id":"https:\/\/zemplen723.eu\/en\/#organization"},"potentialAction":[{"@type":"SearchAction","target":{"@type":"EntryPoint","urlTemplate":"https:\/\/zemplen723.eu\/en\/?s={search_term_string}"},"query-input":{"@type":"PropertyValueSpecification","valueRequired":true,"valueName":"search_term_string"}}],"inLanguage":"en-US"},{"@type":"Organization","@id":"https:\/\/zemplen723.eu\/en\/#organization","name":"Zempl\u00e9n 723","url":"https:\/\/zemplen723.eu\/en\/","logo":{"@type":"ImageObject","inLanguage":"en-US","@id":"https:\/\/zemplen723.eu\/en\/#\/schema\/logo\/image\/","url":"https:\/\/i0.wp.com\/zemplen723.eu\/wp-content\/uploads\/2024\/05\/favicon.jpg?fit=1024%2C1024&ssl=1","contentUrl":"https:\/\/i0.wp.com\/zemplen723.eu\/wp-content\/uploads\/2024\/05\/favicon.jpg?fit=1024%2C1024&ssl=1","width":1024,"height":1024,"caption":"Zempl\u00e9n 723"},"image":{"@id":"https:\/\/zemplen723.eu\/en\/#\/schema\/logo\/image\/"}}]}},"_links":{"self":[{"href":"https:\/\/zemplen723.eu\/en\/wp-json\/wp\/v2\/pages\/479","targetHints":{"allow":["GET"]}}],"collection":[{"href":"https:\/\/zemplen723.eu\/en\/wp-json\/wp\/v2\/pages"}],"about":[{"href":"https:\/\/zemplen723.eu\/en\/wp-json\/wp\/v2\/types\/page"}],"author":[{"embeddable":true,"href":"https:\/\/zemplen723.eu\/en\/wp-json\/wp\/v2\/users\/1"}],"replies":[{"embeddable":true,"href":"https:\/\/zemplen723.eu\/en\/wp-json\/wp\/v2\/comments?post=479"}],"version-history":[{"count":10,"href":"https:\/\/zemplen723.eu\/en\/wp-json\/wp\/v2\/pages\/479\/revisions"}],"predecessor-version":[{"id":575,"href":"https:\/\/zemplen723.eu\/en\/wp-json\/wp\/v2\/pages\/479\/revisions\/575"}],"wp:attachment":[{"href":"https:\/\/zemplen723.eu\/en\/wp-json\/wp\/v2\/media?parent=479"}],"curies":[{"name":"wp","href":"https:\/\/api.w.org\/{rel}","templated":true}]}}